{"id":403,"date":"2021-09-15T12:05:13","date_gmt":"2021-09-15T12:05:13","guid":{"rendered":"https:\/\/grottomorchino.ch\/?page_id=403"},"modified":"2021-09-16T08:37:38","modified_gmt":"2021-09-16T08:37:38","slug":"herman-hesse-al-morchino","status":"publish","type":"page","link":"https:\/\/grottomorchino.ch\/index.php\/herman-hesse-al-morchino\/","title":{"rendered":"Herman Hesse al Morchino"},"content":{"rendered":"<div data-colibri-id=\"403-c1\" class=\"style-575 style-local-403-c1 position-relative\">\n  <!---->\n  <div data-colibri-component=\"section\" data-colibri-id=\"403-c2\" id=\"about\" class=\"h-section h-section-global-spacing d-flex align-items-lg-center align-items-md-center align-items-center style-576 style-local-403-c2 position-relative\">\n    <!---->\n    <!---->\n    <div class=\"h-section-grid-container h-section-boxed-container\">\n      <!---->\n      <div data-colibri-id=\"403-c3\" class=\"h-row-container gutters-row-lg-2 gutters-row-md-2 gutters-row-2 gutters-row-v-lg-2 gutters-row-v-md-2 gutters-row-v-2 style-577 style-local-403-c3 position-relative\">\n        <!---->\n        <div class=\"h-row justify-content-lg-center justify-content-md-center justify-content-center align-items-lg-stretch align-items-md-stretch align-items-stretch gutters-col-lg-2 gutters-col-md-2 gutters-col-2 gutters-col-v-lg-2 gutters-col-v-md-2 gutters-col-v-2\">\n          <!---->\n          <div class=\"h-column h-column-container d-flex h-col-lg-auto h-col-md-auto h-col-auto style-578-outer style-local-403-c4-outer\">\n            <div data-colibri-id=\"403-c4\" class=\"d-flex h-flex-basis h-column__inner h-px-lg-2 h-px-md-2 h-px-2 v-inner-lg-2 v-inner-md-2 v-inner-2 style-578 style-local-403-c4 position-relative\">\n              <!---->\n              <!---->\n              <div class=\"w-100 h-y-container h-column__content h-column__v-align flex-basis-100 align-self-lg-center align-self-md-center align-self-center\">\n                <!---->\n                <div data-colibri-id=\"403-c7\" class=\"h-text h-text-component style-581 style-local-403-c7 position-relative h-element\">\n                  <!---->\n                  <!---->\n                  <div class=\"\">\n                    <p><span style=\"font-size: 12pt;\">Il Grotto Morchino \u00e8 stato meta del famoso scrittore che nel 1919 scrisse&#8221;L&#8217;ultima estate di Klingsor&#8221;.<\/span><\/p>\n                    <p><span style=\"font-size: 12pt;\">In questo libro, al capitolo &#8220;Il giorno di Carena&#8221; il suo personaggio si ferma in un grotto a bere vino e a mangiare pane. Questo grotto era il Morchino&#8230;&#8230;.<\/span><em style=\"font-size: 12pt;\">Der Grotto wurde gefunden, im steilen Bergwald auf schmaler Terrasse standen Steinb\u00e4nke und Tische im Baumdunkel, aus dem Felsenkeller brachte der Wirt den k\u00fchlen Wein. &#8230;&#8230;&#8230;..Langsam stiegen aus den irdenen bl\u00e4ulichen Tassen, Sinnbild der Verg\u00e4nglichkeit, die bunten Zauber, wandelten die Welt, f\u00e4rbten Stern und Licht&#8230;&#8230;Hermann Hesse 1919<\/em><\/p>\n                    <p><em style=\"font-size: 12pt;\">Auszug aus &#8220;Klingsors lezter Sommer&#8221;, Suhrkamp,Taschenbuch,Frankfurt am Main 1977<\/em><\/p>\n                    <p><em style=\"font-size: 12pt;\">&#8230;..Si trov\u00f2 il grotto, nell&#8217;erta foresta montana su una stretta terrazza panche di pietra e tavolini nel buio degli alberi; dalla cantina scavata nella roccia l&#8217;oste rec\u00f2 il vino fresco; anche il pane c&#8217;era&#8230;&#8230;..Dalle azzurrognole tazze, simbolo della caducit\u00e0, salivano i variopinti incantesimi che mutavano il mondo e tingevano stelle e lumi &#8230;&#8230;&#8230;..Hermann Hesse 1919<\/em><\/p>\n                    <p><span style=\"font-size: 12pt;\">Brano tratto da &#8220;L&#8217;ultima estate di Klingsor&#8221;, Oscar Mondadori, Milano 1979<\/span><\/p>\n                  <\/div>\n                <\/div>\n                <div data-colibri-id=\"403-c12\" class=\"h-x-container style-586 style-local-403-c12 position-relative h-element\">\n                  <!---->\n                  <div class=\"h-x-container-inner style-dynamic-403-c12-group style-586-spacing style-local-403-c12-spacing\"><span class=\"h-link__outer style-587-outer style-local-403-c13-outer d-inline-flex h-element\"><a h-use-smooth-scroll=\"true\" href=\"https:\/\/www.hessemontagnola.ch\"  data-colibri-id=\"403-c13\" class=\"d-flex w-100 align-items-center h-link style-587 style-local-403-c13 position-relative\"><!----><!----> <span>Maggiori informazioni su Hermann Hesse visitando il museo a lui dedicato a Montagnola-Ticino-Svizzera<\/span><\/a>\n                    <\/span>\n                  <\/div>\n                <\/div>\n              <\/div>\n            <\/div>\n          <\/div>\n          <div class=\"h-column h-column-container d-flex h-col-lg-auto h-col-md-auto h-col-auto style-602-outer style-local-403-c28-outer\">\n            <div data-colibri-id=\"403-c28\" class=\"d-flex h-flex-basis h-column__inner h-px-lg-2 h-px-md-2 h-px-2 v-inner-lg-2 v-inner-md-2 v-inner-2 style-602 style-local-403-c28 position-relative\">\n              <!---->\n              <!---->\n              <div class=\"w-100 h-y-container h-column__content h-column__v-align flex-basis-100 align-self-lg-start align-self-md-start align-self-start\">\n                <!---->\n                <div data-colibri-id=\"403-c29\" class=\"d-block style-603 style-local-403-c29 position-relative h-element\">\n                  <!---->\n                  <div class=\"h-image__frame-container-outer\">\n                    <div class=\"h-image__frame-container\">\n                      <!---->\n                      <!---->\n                      <img loading=\"lazy\" decoding=\"async\" width=\"280\" height=\"187\" src=\"https:\/\/grottomorchino.ch\/wp-content\/uploads\/2021\/09\/sriimg20071210_4976757_3-38132866.jpg\" class=\"wp-image-526 style-603-image style-local-403-c29-image\" alt=\"\" \/>\n                      <div class=\"h-image__frame h-hide-lg h-hide-md h-hide-sm style-603-frameImage style-local-403-c29-frameImage\"><\/div>\n                    <\/div>\n                  <\/div>\n                <\/div>\n                <div data-colibri-id=\"403-c30\" class=\"d-block style-604 style-local-403-c30 position-relative h-element\">\n                  <!---->\n                  <div class=\"h-image__frame-container-outer\">\n                    <div class=\"h-image__frame-container\">\n                      <!---->\n                      <!---->\n                      <img loading=\"lazy\" decoding=\"async\" width=\"600\" height=\"429\" src=\"https:\/\/grottomorchino.ch\/wp-content\/uploads\/2021\/09\/19606-0.jpg\" class=\"wp-image-534 style-604-image style-local-403-c30-image\" alt=\"\" srcset=\"https:\/\/grottomorchino.ch\/wp-content\/uploads\/2021\/09\/19606-0.jpg 600w, https:\/\/grottomorchino.ch\/wp-content\/uploads\/2021\/09\/19606-0-300x215.jpg 300w\" sizes=\"auto, (max-width: 600px) 100vw, 600px\" \/>\n                      <div class=\"h-image__frame h-hide-lg h-hide-md h-hide-sm style-604-frameImage style-local-403-c30-frameImage\"><\/div>\n                    <\/div>\n                  <\/div>\n                <\/div>\n                <div data-colibri-id=\"403-c31\" class=\"d-block style-605 style-local-403-c31 position-relative h-element\">\n                  <!---->\n                  <div class=\"h-image__frame-container-outer\">\n                    <div class=\"h-image__frame-container\">\n                      <!---->\n                      <!---->\n                      <img loading=\"lazy\" decoding=\"async\" width=\"680\" height=\"380\" src=\"https:\/\/grottomorchino.ch\/wp-content\/uploads\/2021\/09\/hermann-hesse.jpg\" class=\"wp-image-535 style-605-image style-local-403-c31-image\" alt=\"\" srcset=\"https:\/\/grottomorchino.ch\/wp-content\/uploads\/2021\/09\/hermann-hesse.jpg 680w, https:\/\/grottomorchino.ch\/wp-content\/uploads\/2021\/09\/hermann-hesse-300x168.jpg 300w\" sizes=\"auto, (max-width: 680px) 100vw, 680px\" \/>\n                      <div class=\"h-image__frame h-hide-lg h-hide-md h-hide-sm style-605-frameImage style-local-403-c31-frameImage\"><\/div>\n                    <\/div>\n                  <\/div>\n                <\/div>\n              <\/div>\n            <\/div>\n          <\/div>\n        <\/div>\n      <\/div>\n    <\/div>\n  <\/div>\n<\/div>","protected":false},"excerpt":{"rendered":"<p>Il Grotto Morchino \u00e8 stato meta del famoso scrittore che nel 1919 scrisse&#8221;L&#8217;ultima estate di Klingsor&#8221;. In questo libro, al capitolo &#8220;Il giorno di Carena&#8221; il suo personaggio si ferma in un grotto a bere vino e a mangiare pane. Questo grotto era il Morchino&#8230;&#8230;.Der Grotto wurde gefunden, im steilen Bergwald auf schmaler Terrasse standen [&hellip;]<\/p>\n","protected":false},"author":1,"featured_media":0,"parent":0,"menu_order":0,"comment_status":"closed","ping_status":"closed","template":"page-templates\/full-width-page.php","meta":{"footnotes":""},"class_list":["post-403","page","type-page","status-publish","hentry"],"_links":{"self":[{"href":"https:\/\/grottomorchino.ch\/index.php\/wp-json\/wp\/v2\/pages\/403","targetHints":{"allow":["GET"]}}],"collection":[{"href":"https:\/\/grottomorchino.ch\/index.php\/wp-json\/wp\/v2\/pages"}],"about":[{"href":"https:\/\/grottomorchino.ch\/index.php\/wp-json\/wp\/v2\/types\/page"}],"author":[{"embeddable":true,"href":"https:\/\/grottomorchino.ch\/index.php\/wp-json\/wp\/v2\/users\/1"}],"replies":[{"embeddable":true,"href":"https:\/\/grottomorchino.ch\/index.php\/wp-json\/wp\/v2\/comments?post=403"}],"version-history":[{"count":4,"href":"https:\/\/grottomorchino.ch\/index.php\/wp-json\/wp\/v2\/pages\/403\/revisions"}],"predecessor-version":[{"id":544,"href":"https:\/\/grottomorchino.ch\/index.php\/wp-json\/wp\/v2\/pages\/403\/revisions\/544"}],"wp:attachment":[{"href":"https:\/\/grottomorchino.ch\/index.php\/wp-json\/wp\/v2\/media?parent=403"}],"curies":[{"name":"wp","href":"https:\/\/api.w.org\/{rel}","templated":true}]}}